{"id":53,"date":"2024-11-20T09:36:39","date_gmt":"2024-11-20T08:36:39","guid":{"rendered":"https:\/\/workbench-01.hmb-graphix.de\/?page_id=53"},"modified":"2026-03-16T11:12:02","modified_gmt":"2026-03-16T10:12:02","slug":"impressum","status":"publish","type":"page","link":"https:\/\/fahrschulepunkt.de\/en\/impressum\/","title":{"rendered":"Legal Notice"},"content":{"rendered":"\t\t<div data-elementor-type=\"wp-page\" data-elementor-id=\"53\" class=\"elementor elementor-53\" data-elementor-post-type=\"page\">\n\t\t\t\t<div class=\"elementor-element elementor-element-1f0c7b9 e-flex e-con-boxed e-con e-parent\" data-id=\"1f0c7b9\" data-element_type=\"container\" data-e-type=\"container\" data-settings=\"{&quot;background_background&quot;:&quot;classic&quot;}\">\n\t\t\t\t\t<div class=\"e-con-inner\">\n\t\t\t\t<div class=\"elementor-element elementor-element-764a2aa elementor-widget elementor-widget-heading\" data-id=\"764a2aa\" data-element_type=\"widget\" data-e-type=\"widget\" data-widget_type=\"heading.default\">\n\t\t\t\t\t<h1 class=\"elementor-heading-title elementor-size-default\">Impressum<\/h1>\t\t\t\t<\/div>\n\t\t\t\t<div class=\"elementor-element elementor-element-41570c9f elementor-widget elementor-widget-heading\" data-id=\"41570c9f\" data-element_type=\"widget\" data-e-type=\"widget\" data-widget_type=\"heading.default\">\n\t\t\t\t\t<h2 class=\"elementor-heading-title elementor-size-default\">gem\u00e4\u00df \u00a75 tmg.<\/h2>\t\t\t\t<\/div>\n\t\t\t\t\t<\/div>\n\t\t\t\t<\/div>\n\t\t<div class=\"elementor-element elementor-element-e4d7e3b e-flex e-con-boxed e-con e-parent\" data-id=\"e4d7e3b\" data-element_type=\"container\" data-e-type=\"container\">\n\t\t\t\t\t<div class=\"e-con-inner\">\n\t\t<div class=\"elementor-element elementor-element-7bfed37a e-con-full e-flex e-con e-child\" data-id=\"7bfed37a\" data-element_type=\"container\" data-e-type=\"container\">\n\t\t<div class=\"elementor-element elementor-element-3f384ea8 e-con-full e-flex e-con e-child\" data-id=\"3f384ea8\" data-element_type=\"container\" data-e-type=\"container\">\n\t\t\t\t<div class=\"elementor-element elementor-element-42873f1d elementor-widget elementor-widget-heading\" data-id=\"42873f1d\" data-element_type=\"widget\" data-e-type=\"widget\" data-widget_type=\"heading.default\">\n\t\t\t\t\t<h2 class=\"elementor-heading-title elementor-size-default\">Fahrschule Punkt<\/h2>\t\t\t\t<\/div>\n\t\t\t\t<div class=\"elementor-element elementor-element-1716b269 elementor-widget elementor-widget-text-editor\" data-id=\"1716b269\" data-element_type=\"widget\" data-e-type=\"widget\" data-widget_type=\"text-editor.default\">\n\t\t\t\t\t\t\t\t\t<p>Gro\u00dfe Marktstra\u00dfe 45<br \/>63065 Offenbach \/ Main<\/p>\t\t\t\t\t\t\t\t<\/div>\n\t\t\t\t<\/div>\n\t\t<div class=\"elementor-element elementor-element-5b047406 e-con-full e-flex e-con e-child\" data-id=\"5b047406\" data-element_type=\"container\" data-e-type=\"container\">\n\t\t\t\t<div class=\"elementor-element elementor-element-307b1f elementor-widget elementor-widget-heading\" data-id=\"307b1f\" data-element_type=\"widget\" data-e-type=\"widget\" data-widget_type=\"heading.default\">\n\t\t\t\t\t<p class=\"elementor-heading-title elementor-size-default\">Kontakt<\/p>\t\t\t\t<\/div>\n\t\t\t\t<div class=\"elementor-element elementor-element-5ccb9ba9 elementor-widget elementor-widget-text-editor\" data-id=\"5ccb9ba9\" data-element_type=\"widget\" data-e-type=\"widget\" data-widget_type=\"text-editor.default\">\n\t\t\t\t\t\t\t\t\t<p>Tel: 069 \/ 98 55 92 89<br \/>Mail: <span style=\"display:inline;unicode-bidi:bidi-override;direction:rtl;\" class=\"\">ed.tknupeluhcsrhaf<span style=\"display:none;\">obfsctd-88c007<\/span>&#64;ofni<\/span><\/p>\t\t\t\t\t\t\t\t<\/div>\n\t\t\t\t<\/div>\n\t\t<div class=\"elementor-element elementor-element-58bfcef2 e-con-full e-flex e-con e-child\" data-id=\"58bfcef2\" data-element_type=\"container\" data-e-type=\"container\">\n\t\t\t\t<div class=\"elementor-element elementor-element-1d813395 elementor-widget elementor-widget-heading\" data-id=\"1d813395\" data-element_type=\"widget\" data-e-type=\"widget\" data-widget_type=\"heading.default\">\n\t\t\t\t\t<p class=\"elementor-heading-title elementor-size-default\">Vertreten durch &amp; inhaltlich verantwortlich<\/p>\t\t\t\t<\/div>\n\t\t\t\t<div class=\"elementor-element elementor-element-4975998f elementor-widget elementor-widget-text-editor\" data-id=\"4975998f\" data-element_type=\"widget\" data-e-type=\"widget\" data-widget_type=\"text-editor.default\">\n\t\t\t\t\t\t\t\t\t<p>Goran Zecic<\/p>\t\t\t\t\t\t\t\t<\/div>\n\t\t\t\t<\/div>\n\t\t<div class=\"elementor-element elementor-element-2a608e9a e-con-full e-flex e-con e-child\" data-id=\"2a608e9a\" data-element_type=\"container\" data-e-type=\"container\">\n\t\t\t\t<div class=\"elementor-element elementor-element-2dbccced elementor-widget elementor-widget-heading\" data-id=\"2dbccced\" data-element_type=\"widget\" data-e-type=\"widget\" data-widget_type=\"heading.default\">\n\t\t\t\t\t<p class=\"elementor-heading-title elementor-size-default\">Rechtsform<\/p>\t\t\t\t<\/div>\n\t\t\t\t<div class=\"elementor-element elementor-element-74199128 elementor-widget elementor-widget-text-editor\" data-id=\"74199128\" data-element_type=\"widget\" data-e-type=\"widget\" data-widget_type=\"text-editor.default\">\n\t\t\t\t\t\t\t\t\t<p>Einzelunternehmen<\/p>\t\t\t\t\t\t\t\t<\/div>\n\t\t\t\t<\/div>\n\t\t<div class=\"elementor-element elementor-element-49b60c48 e-con-full e-flex e-con e-child\" data-id=\"49b60c48\" data-element_type=\"container\" data-e-type=\"container\">\n\t\t\t\t<div class=\"elementor-element elementor-element-41ccc1e8 elementor-widget elementor-widget-heading\" data-id=\"41ccc1e8\" data-element_type=\"widget\" data-e-type=\"widget\" data-widget_type=\"heading.default\">\n\t\t\t\t\t<p class=\"elementor-heading-title elementor-size-default\">Ausfsichtsbeh\u00f6rde<\/p>\t\t\t\t<\/div>\n\t\t\t\t<div class=\"elementor-element elementor-element-20b015e8 elementor-widget elementor-widget-text-editor\" data-id=\"20b015e8\" data-element_type=\"widget\" data-e-type=\"widget\" data-widget_type=\"text-editor.default\">\n\t\t\t\t\t\t\t\t\tRegierungspr\u00e4sidium Darmstadt\t\t\t\t\t\t\t\t<\/div>\n\t\t\t\t<\/div>\n\t\t\t\t<\/div>\n\t\t<div class=\"elementor-element elementor-element-32c67eab e-con-full e-flex e-con e-child\" data-id=\"32c67eab\" data-element_type=\"container\" data-e-type=\"container\" data-settings=\"{&quot;background_background&quot;:&quot;classic&quot;}\">\n\t\t<div class=\"elementor-element elementor-element-765914ba e-con-full e-flex e-con e-child\" data-id=\"765914ba\" data-element_type=\"container\" data-e-type=\"container\">\n\t\t\t\t<div class=\"elementor-element elementor-element-347a25c3 elementor-widget elementor-widget-heading\" data-id=\"347a25c3\" data-element_type=\"widget\" data-e-type=\"widget\" data-widget_type=\"heading.default\">\n\t\t\t\t\t<p class=\"elementor-heading-title elementor-size-default\">EU Streitschlichtung<\/p>\t\t\t\t<\/div>\n\t\t\t\t<div class=\"elementor-element elementor-element-2d0b5551 elementor-widget elementor-widget-text-editor\" data-id=\"2d0b5551\" data-element_type=\"widget\" data-e-type=\"widget\" data-widget_type=\"text-editor.default\">\n\t\t\t\t\t\t\t\t\tDie Europ\u00e4ische Kommission stellt eine Plattform zur Online-Streitbeilegung (OS) bereit:\n<a href=\"https:\/\/ec.europa.eu\/consumers\/odr\/\" target=\"_blank\" rel=\"nofollow noopener\">https:\/\/ec.europa.eu\/consumers\/odr\/<\/a>.\t\t\t\t\t\t\t\t<\/div>\n\t\t\t\t<\/div>\n\t\t<div class=\"elementor-element elementor-element-7ee34521 e-con-full e-flex e-con e-child\" data-id=\"7ee34521\" data-element_type=\"container\" data-e-type=\"container\">\n\t\t\t\t<div class=\"elementor-element elementor-element-391c6e42 elementor-widget elementor-widget-heading\" data-id=\"391c6e42\" data-element_type=\"widget\" data-e-type=\"widget\" data-widget_type=\"heading.default\">\n\t\t\t\t\t<p class=\"elementor-heading-title elementor-size-default\">Verbraucherstreitbeilegung \/ Universalschlichtungsstelle<\/p>\t\t\t\t<\/div>\n\t\t\t\t<div class=\"elementor-element elementor-element-592c6f29 elementor-widget elementor-widget-text-editor\" data-id=\"592c6f29\" data-element_type=\"widget\" data-e-type=\"widget\" data-widget_type=\"text-editor.default\">\n\t\t\t\t\t\t\t\t\tWir sind nicht bereit oder verpflichtet, an Streitbeilegungsverfahren vor einer Verbraucherschlichtungsstelle teilzunehmen.\t\t\t\t\t\t\t\t<\/div>\n\t\t\t\t<\/div>\n\t\t<div class=\"elementor-element elementor-element-fa87f96 e-con-full e-flex e-con e-child\" data-id=\"fa87f96\" data-element_type=\"container\" data-e-type=\"container\" data-settings=\"{&quot;background_background&quot;:&quot;classic&quot;}\">\n\t\t\t\t<div class=\"elementor-element elementor-element-fc423d0 elementor-widget__width-inherit elementor-widget elementor-widget-heading\" data-id=\"fc423d0\" data-element_type=\"widget\" data-e-type=\"widget\" data-widget_type=\"heading.default\">\n\t\t\t\t\t<p class=\"elementor-heading-title elementor-size-default\">Design &amp; Technische Umsetzung<\/p>\t\t\t\t<\/div>\n\t\t\t\t<div class=\"elementor-element elementor-element-301fbca elementor-widget__width-initial elementor-widget-mobile__width-inherit elementor-widget elementor-widget-image\" data-id=\"301fbca\" data-element_type=\"widget\" data-e-type=\"widget\" data-widget_type=\"image.default\">\n\t\t\t\t\t\t\t\t\t\t\t\t\t\t\t<img fetchpriority=\"high\" decoding=\"async\" width=\"1024\" height=\"444\" src=\"https:\/\/fahrschulepunkt.de\/wp-content\/uploads\/logo_white_outline.webp\" class=\"attachment-full size-full wp-image-260\" alt=\"\" \/>\t\t\t\t\t\t\t\t\t\t\t\t\t\t\t<\/div>\n\t\t<div class=\"elementor-element elementor-element-8c26287 e-con-full e-flex e-con e-child\" data-id=\"8c26287\" data-element_type=\"container\" data-e-type=\"container\">\n\t\t\t\t<div class=\"elementor-element elementor-element-5706dfc elementor-widget__width-inherit elementor-widget elementor-widget-heading\" data-id=\"5706dfc\" data-element_type=\"widget\" data-e-type=\"widget\" data-widget_type=\"heading.default\">\n\t\t\t\t\t<h2 class=\"elementor-heading-title elementor-size-default\">HMB GRAPHIX<\/h2>\t\t\t\t<\/div>\n\t\t\t\t<div class=\"elementor-element elementor-element-9ccbd93 elementor-widget elementor-widget-text-editor\" data-id=\"9ccbd93\" data-element_type=\"widget\" data-e-type=\"widget\" data-widget_type=\"text-editor.default\">\n\t\t\t\t\t\t\t\t\t<p>Tel: <a href=\"tel:+496927294121\">069 &#8211; 272 94 121<\/a><br \/>Mail: <a href=\"mailto:hmb-graphix.de\"><span style=\"display:inline;unicode-bidi:bidi-override;direction:rtl;\" class=\"\">ed.xihparg-bmh<span style=\"display:none;\">obfsctd-4b1256<\/span>&#64;ofni<\/span><\/a><\/p><p>Web: <a href=\"https:\/\/hmb-graphix.de\" target=\"_blank\" rel=\"nofollow noopener\">hmb-graphix.de<\/a><\/p>\t\t\t\t\t\t\t\t<\/div>\n\t\t\t\t<\/div>\n\t\t\t\t<div class=\"elementor-element elementor-element-5d4bbbc elementor-widget elementor-widget-text-editor\" data-id=\"5d4bbbc\" data-element_type=\"widget\" data-e-type=\"widget\" data-widget_type=\"text-editor.default\">\n\t\t\t\t\t\t\t\t\t<p data-start=\"75\" data-end=\"173\">Die Firma <strong data-start=\"79\" data-end=\"94\">HMB Graphix<\/strong> ist f\u00fcr das Webdesign und die technische Umsetzung dieser Website zust\u00e4ndig.<br \/>F\u00fcr Inhalte, Bildmaterialien sowie die Einhaltung rechtlicher Vorgaben (inkl. DSGVO) ist allein <strong data-start=\"271\" data-end=\"287\">[Firmenname]<\/strong> verantwortlich.<\/p>\t\t\t\t\t\t\t\t<\/div>\n\t\t\t\t<\/div>\n\t\t\t\t<\/div>\n\t\t\t\t\t<\/div>\n\t\t\t\t<\/div>\n\t\t\t\t<\/div>\n\t\t","protected":false},"excerpt":{"rendered":"<p>Impressum gem\u00e4\u00df \u00a75 tmg. Fahrschule Punkt Gro\u00dfe Marktstra\u00dfe 4563065 Offenbach \/ Main Kontakt Tel: 069 \/ 98 55 92 89Mail: Vertreten durch &amp; inhaltlich verantwortlich Goran Zecic Rechtsform Einzelunternehmen Ausfsichtsbeh\u00f6rde Regierungspr\u00e4sidium Darmstadt EU Streitschlichtung Die Europ\u00e4ische Kommission stellt eine Plattform zur Online-Streitbeilegung (OS) bereit: https:\/\/ec.europa.eu\/consumers\/odr\/. Verbraucherstreitbeilegung \/ Universalschlichtungsstelle Wir sind nicht bereit oder verpflichtet, an [&hellip;]<\/p>\n","protected":false},"author":1,"featured_media":0,"parent":0,"menu_order":0,"comment_status":"closed","ping_status":"closed","template":"","meta":{"footnotes":""},"class_list":["post-53","page","type-page","status-publish","hentry"],"aioseo_notices":[],"_links":{"self":[{"href":"https:\/\/fahrschulepunkt.de\/en\/wp-json\/wp\/v2\/pages\/53","targetHints":{"allow":["GET"]}}],"collection":[{"href":"https:\/\/fahrschulepunkt.de\/en\/wp-json\/wp\/v2\/pages"}],"about":[{"href":"https:\/\/fahrschulepunkt.de\/en\/wp-json\/wp\/v2\/types\/page"}],"author":[{"embeddable":true,"href":"https:\/\/fahrschulepunkt.de\/en\/wp-json\/wp\/v2\/users\/1"}],"replies":[{"embeddable":true,"href":"https:\/\/fahrschulepunkt.de\/en\/wp-json\/wp\/v2\/comments?post=53"}],"version-history":[{"count":0,"href":"https:\/\/fahrschulepunkt.de\/en\/wp-json\/wp\/v2\/pages\/53\/revisions"}],"wp:attachment":[{"href":"https:\/\/fahrschulepunkt.de\/en\/wp-json\/wp\/v2\/media?parent=53"}],"curies":[{"name":"wp","href":"https:\/\/api.w.org\/{rel}","templated":true}]}}